{"id":3542,"date":"2024-04-10T14:48:41","date_gmt":"2024-04-10T12:48:42","guid":{"rendered":"https:\/\/www.thestickerfamily.nl\/?post_type=product&#038;p=3542"},"modified":"2024-08-22T15:27:31","modified_gmt":"2024-08-22T13:27:31","slug":"frosch","status":"publish","type":"product","link":"https:\/\/www.thestickerfamily.nl\/de\/product\/frosch\/","title":{"rendered":"FR1 &#8211; Frosch"},"content":{"rendered":"<p><strong>Frosch aufkleber<\/strong><br \/>\nKleben Sie diesen sch\u00f6nen Frosch aufkleber auf jede beliebige ebene Fl\u00e4che und erweitern Sie den Aufkleber mit noch mehr Tieraufklebern oder allen Aufklebern der Familienmitglieder. Neben diesem Froschaufkleber gibt es noch viele weitere Tieraufkleber. Klicken Sie <a href=\"https:\/\/www.thestickerfamily.nl\/de\/Produktkategorie\/tiere\/\">HIER<\/a> f\u00fcr alle Tieraufkleber.<\/p>\n<p><strong>Material<\/strong><br \/>\nDieser Aufkleber besteht aus hochwertigem transparentem Vinyl mit einem Bild aus wei\u00dfen Linien.<br \/>\nSobald Sie den Aufkleber auf einen dunklen oder farbigen Untergrund kleben, werden die wei\u00dfen Linien deutlich sichtbar.<br \/>\nDer Aufkleber ist speziell f\u00fcr die Anwendung am Auto angefertigt, kann aber nat\u00fcrlich auch auf andere ebene Fl\u00e4chen geklebt werden. Wetter- und wasserbest\u00e4ndig.<\/p>\n<p><strong>Format<\/strong><br \/>\nDer Aufkleber ist ca. 3 cm hoch und 4 cm breit.<\/p>\n<p><strong>Versenden<\/strong><br \/>\nVor 12:00 Uhr bestellt, noch am selben Tag versendet.<\/p>\n","protected":false},"excerpt":{"rendered":"<ul>\n<li><span lang=\"EN-US\">Aufkleber Frosch<br \/>\n<\/span><\/li>\n<li>Schnelle Lieferung<\/li>\n<li>Versand aus den Niederlanden f\u00fcr 1,99 \u20ac<\/li>\n<\/ul>\n","protected":false},"featured_media":3548,"template":"","meta":[],"product_brand":[],"product_cat":[434],"product_tag":[501],"class_list":{"0":"post-3542","1":"product","2":"type-product","3":"status-publish","4":"has-post-thumbnail","6":"product_cat-tiere","7":"product_tag-haustier","9":"first","10":"instock","11":"taxable","12":"shipping-taxable","13":"purchasable","14":"product-type-simple"},"yoast_head":"<!-- This site is optimized with the Yoast SEO plugin v26.6 - https:\/\/yoast.com\/wordpress\/plugins\/seo\/ -->\n<title>FR1 - Frosch - The Sticker Family<\/title>\n<meta name=\"description\" content=\"Frosh aufkleber. Mit den Aufklebern von The Sticker Family k\u00f6nnen Sie Ihre Familie und\/oder Haustiere als Aufkleber auf dem Auto platzieren. Erh\u00e4ltlich ab 1,99 \u20ac pro St\u00fcck.\" \/>\n<meta name=\"robots\" content=\"index, follow, max-snippet:-1, max-image-preview:large, max-video-preview:-1\" \/>\n<link rel=\"canonical\" href=\"https:\/\/www.thestickerfamily.nl\/de\/product\/frosch\/\" \/>\n<meta property=\"og:locale\" content=\"de_DE\" \/>\n<meta property=\"og:type\" content=\"article\" \/>\n<meta property=\"og:title\" content=\"FR1 - Frosch - The Sticker Family\" \/>\n<meta property=\"og:description\" content=\"Frosh aufkleber. Mit den Aufklebern von The Sticker Family k\u00f6nnen Sie Ihre Familie und\/oder Haustiere als Aufkleber auf dem Auto platzieren. Erh\u00e4ltlich ab 1,99 \u20ac pro St\u00fcck.\" \/>\n<meta property=\"og:url\" content=\"https:\/\/www.thestickerfamily.nl\/de\/product\/frosch\/\" \/>\n<meta property=\"og:site_name\" content=\"The Sticker Family\" \/>\n<meta property=\"article:publisher\" content=\"https:\/\/www.facebook.com\/thestickerfamily.nl\/\" \/>\n<meta property=\"article:modified_time\" content=\"2024-08-22T13:27:31+00:00\" \/>\n<meta property=\"og:image\" content=\"http:\/\/www.thestickerfamily.nl\/wp-content\/uploads\/2024\/04\/FR1_kikker_wit_350x350.jpg\" \/>\n\t<meta property=\"og:image:width\" content=\"350\" \/>\n\t<meta property=\"og:image:height\" content=\"350\" \/>\n\t<meta property=\"og:image:type\" content=\"image\/jpeg\" \/>\n<meta name=\"twitter:card\" content=\"summary_large_image\" \/>\n<meta name=\"twitter:label1\" content=\"Gesch\u00e4tzte Lesezeit\" \/>\n\t<meta name=\"twitter:data1\" content=\"1\u00a0Minute\" \/>\n<script type=\"application\/ld+json\" class=\"yoast-schema-graph\">{\"@context\":\"https:\/\/schema.org\",\"@graph\":[{\"@type\":\"WebPage\",\"@id\":\"https:\/\/www.thestickerfamily.nl\/de\/product\/frosch\/\",\"url\":\"https:\/\/www.thestickerfamily.nl\/de\/product\/frosch\/\",\"name\":\"FR1 - Frosch - The Sticker Family\",\"isPartOf\":{\"@id\":\"https:\/\/www.thestickerfamily.nl\/de\/#website\"},\"primaryImageOfPage\":{\"@id\":\"https:\/\/www.thestickerfamily.nl\/de\/product\/frosch\/#primaryimage\"},\"image\":{\"@id\":\"https:\/\/www.thestickerfamily.nl\/de\/product\/frosch\/#primaryimage\"},\"thumbnailUrl\":\"https:\/\/www.thestickerfamily.nl\/wp-content\/uploads\/2024\/04\/FR1_kikker_wit_350x350.jpg\",\"datePublished\":\"2024-04-10T12:48:42+00:00\",\"dateModified\":\"2024-08-22T13:27:31+00:00\",\"description\":\"Frosh aufkleber. Mit den Aufklebern von The Sticker Family k\u00f6nnen Sie Ihre Familie und\/oder Haustiere als Aufkleber auf dem Auto platzieren. Erh\u00e4ltlich ab 1,99 \u20ac pro St\u00fcck.\",\"breadcrumb\":{\"@id\":\"https:\/\/www.thestickerfamily.nl\/de\/product\/frosch\/#breadcrumb\"},\"inLanguage\":\"de\",\"potentialAction\":[{\"@type\":\"ReadAction\",\"target\":[\"https:\/\/www.thestickerfamily.nl\/de\/product\/frosch\/\"]}]},{\"@type\":\"ImageObject\",\"inLanguage\":\"de\",\"@id\":\"https:\/\/www.thestickerfamily.nl\/de\/product\/frosch\/#primaryimage\",\"url\":\"https:\/\/www.thestickerfamily.nl\/wp-content\/uploads\/2024\/04\/FR1_kikker_wit_350x350.jpg\",\"contentUrl\":\"https:\/\/www.thestickerfamily.nl\/wp-content\/uploads\/2024\/04\/FR1_kikker_wit_350x350.jpg\",\"width\":350,\"height\":350},{\"@type\":\"BreadcrumbList\",\"@id\":\"https:\/\/www.thestickerfamily.nl\/de\/product\/frosch\/#breadcrumb\",\"itemListElement\":[{\"@type\":\"ListItem\",\"position\":1,\"name\":\"Home\",\"item\":\"https:\/\/www.thestickerfamily.nl\/de\/\"},{\"@type\":\"ListItem\",\"position\":2,\"name\":\"Shop\",\"item\":\"https:\/\/www.thestickerfamily.nl\/de\/shop\/\"},{\"@type\":\"ListItem\",\"position\":3,\"name\":\"FR1 &#8211; Frosch\"}]},{\"@type\":\"WebSite\",\"@id\":\"https:\/\/www.thestickerfamily.nl\/de\/#website\",\"url\":\"https:\/\/www.thestickerfamily.nl\/de\/\",\"name\":\"The Sticker Family\",\"description\":\"Autostickers van en voor het hele gezin!\",\"publisher\":{\"@id\":\"https:\/\/www.thestickerfamily.nl\/de\/#organization\"},\"potentialAction\":[{\"@type\":\"SearchAction\",\"target\":{\"@type\":\"EntryPoint\",\"urlTemplate\":\"https:\/\/www.thestickerfamily.nl\/de\/?s={search_term_string}\"},\"query-input\":{\"@type\":\"PropertyValueSpecification\",\"valueRequired\":true,\"valueName\":\"search_term_string\"}}],\"inLanguage\":\"de\"},{\"@type\":\"Organization\",\"@id\":\"https:\/\/www.thestickerfamily.nl\/de\/#organization\",\"name\":\"The Sticker Family\",\"url\":\"https:\/\/www.thestickerfamily.nl\/de\/\",\"logo\":{\"@type\":\"ImageObject\",\"inLanguage\":\"de\",\"@id\":\"https:\/\/www.thestickerfamily.nl\/de\/#\/schema\/logo\/image\/\",\"url\":\"https:\/\/www.thestickerfamily.nl\/wp-content\/uploads\/2023\/12\/logo-tsf-google.png\",\"contentUrl\":\"https:\/\/www.thestickerfamily.nl\/wp-content\/uploads\/2023\/12\/logo-tsf-google.png\",\"width\":369,\"height\":123,\"caption\":\"The Sticker Family\"},\"image\":{\"@id\":\"https:\/\/www.thestickerfamily.nl\/de\/#\/schema\/logo\/image\/\"},\"sameAs\":[\"https:\/\/www.facebook.com\/thestickerfamily.nl\/\",\"https:\/\/www.instagram.com\/thestickerfamily_nl\/\"]}]}<\/script>\n<!-- \/ Yoast SEO plugin. -->","yoast_head_json":{"title":"FR1 - Frosch - The Sticker Family","description":"Frosh aufkleber. Mit den Aufklebern von The Sticker Family k\u00f6nnen Sie Ihre Familie und\/oder Haustiere als Aufkleber auf dem Auto platzieren. Erh\u00e4ltlich ab 1,99 \u20ac pro St\u00fcck.","robots":{"index":"index","follow":"follow","max-snippet":"max-snippet:-1","max-image-preview":"max-image-preview:large","max-video-preview":"max-video-preview:-1"},"canonical":"https:\/\/www.thestickerfamily.nl\/de\/product\/frosch\/","og_locale":"de_DE","og_type":"article","og_title":"FR1 - Frosch - The Sticker Family","og_description":"Frosh aufkleber. Mit den Aufklebern von The Sticker Family k\u00f6nnen Sie Ihre Familie und\/oder Haustiere als Aufkleber auf dem Auto platzieren. Erh\u00e4ltlich ab 1,99 \u20ac pro St\u00fcck.","og_url":"https:\/\/www.thestickerfamily.nl\/de\/product\/frosch\/","og_site_name":"The Sticker Family","article_publisher":"https:\/\/www.facebook.com\/thestickerfamily.nl\/","article_modified_time":"2024-08-22T13:27:31+00:00","og_image":[{"width":350,"height":350,"url":"http:\/\/www.thestickerfamily.nl\/wp-content\/uploads\/2024\/04\/FR1_kikker_wit_350x350.jpg","type":"image\/jpeg"}],"twitter_card":"summary_large_image","twitter_misc":{"Gesch\u00e4tzte Lesezeit":"1\u00a0Minute"},"schema":{"@context":"https:\/\/schema.org","@graph":[{"@type":"WebPage","@id":"https:\/\/www.thestickerfamily.nl\/de\/product\/frosch\/","url":"https:\/\/www.thestickerfamily.nl\/de\/product\/frosch\/","name":"FR1 - Frosch - The Sticker Family","isPartOf":{"@id":"https:\/\/www.thestickerfamily.nl\/de\/#website"},"primaryImageOfPage":{"@id":"https:\/\/www.thestickerfamily.nl\/de\/product\/frosch\/#primaryimage"},"image":{"@id":"https:\/\/www.thestickerfamily.nl\/de\/product\/frosch\/#primaryimage"},"thumbnailUrl":"https:\/\/www.thestickerfamily.nl\/wp-content\/uploads\/2024\/04\/FR1_kikker_wit_350x350.jpg","datePublished":"2024-04-10T12:48:42+00:00","dateModified":"2024-08-22T13:27:31+00:00","description":"Frosh aufkleber. Mit den Aufklebern von The Sticker Family k\u00f6nnen Sie Ihre Familie und\/oder Haustiere als Aufkleber auf dem Auto platzieren. Erh\u00e4ltlich ab 1,99 \u20ac pro St\u00fcck.","breadcrumb":{"@id":"https:\/\/www.thestickerfamily.nl\/de\/product\/frosch\/#breadcrumb"},"inLanguage":"de","potentialAction":[{"@type":"ReadAction","target":["https:\/\/www.thestickerfamily.nl\/de\/product\/frosch\/"]}]},{"@type":"ImageObject","inLanguage":"de","@id":"https:\/\/www.thestickerfamily.nl\/de\/product\/frosch\/#primaryimage","url":"https:\/\/www.thestickerfamily.nl\/wp-content\/uploads\/2024\/04\/FR1_kikker_wit_350x350.jpg","contentUrl":"https:\/\/www.thestickerfamily.nl\/wp-content\/uploads\/2024\/04\/FR1_kikker_wit_350x350.jpg","width":350,"height":350},{"@type":"BreadcrumbList","@id":"https:\/\/www.thestickerfamily.nl\/de\/product\/frosch\/#breadcrumb","itemListElement":[{"@type":"ListItem","position":1,"name":"Home","item":"https:\/\/www.thestickerfamily.nl\/de\/"},{"@type":"ListItem","position":2,"name":"Shop","item":"https:\/\/www.thestickerfamily.nl\/de\/shop\/"},{"@type":"ListItem","position":3,"name":"FR1 &#8211; Frosch"}]},{"@type":"WebSite","@id":"https:\/\/www.thestickerfamily.nl\/de\/#website","url":"https:\/\/www.thestickerfamily.nl\/de\/","name":"The Sticker Family","description":"Autostickers van en voor het hele gezin!","publisher":{"@id":"https:\/\/www.thestickerfamily.nl\/de\/#organization"},"potentialAction":[{"@type":"SearchAction","target":{"@type":"EntryPoint","urlTemplate":"https:\/\/www.thestickerfamily.nl\/de\/?s={search_term_string}"},"query-input":{"@type":"PropertyValueSpecification","valueRequired":true,"valueName":"search_term_string"}}],"inLanguage":"de"},{"@type":"Organization","@id":"https:\/\/www.thestickerfamily.nl\/de\/#organization","name":"The Sticker Family","url":"https:\/\/www.thestickerfamily.nl\/de\/","logo":{"@type":"ImageObject","inLanguage":"de","@id":"https:\/\/www.thestickerfamily.nl\/de\/#\/schema\/logo\/image\/","url":"https:\/\/www.thestickerfamily.nl\/wp-content\/uploads\/2023\/12\/logo-tsf-google.png","contentUrl":"https:\/\/www.thestickerfamily.nl\/wp-content\/uploads\/2023\/12\/logo-tsf-google.png","width":369,"height":123,"caption":"The Sticker Family"},"image":{"@id":"https:\/\/www.thestickerfamily.nl\/de\/#\/schema\/logo\/image\/"},"sameAs":["https:\/\/www.facebook.com\/thestickerfamily.nl\/","https:\/\/www.instagram.com\/thestickerfamily_nl\/"]}]}},"_links":{"self":[{"href":"https:\/\/www.thestickerfamily.nl\/de\/wp-json\/wp\/v2\/product\/3542","targetHints":{"allow":["GET"]}}],"collection":[{"href":"https:\/\/www.thestickerfamily.nl\/de\/wp-json\/wp\/v2\/product"}],"about":[{"href":"https:\/\/www.thestickerfamily.nl\/de\/wp-json\/wp\/v2\/types\/product"}],"wp:featuredmedia":[{"embeddable":true,"href":"https:\/\/www.thestickerfamily.nl\/de\/wp-json\/wp\/v2\/media\/3548"}],"wp:attachment":[{"href":"https:\/\/www.thestickerfamily.nl\/de\/wp-json\/wp\/v2\/media?parent=3542"}],"wp:term":[{"taxonomy":"product_brand","embeddable":true,"href":"https:\/\/www.thestickerfamily.nl\/de\/wp-json\/wp\/v2\/product_brand?post=3542"},{"taxonomy":"product_cat","embeddable":true,"href":"https:\/\/www.thestickerfamily.nl\/de\/wp-json\/wp\/v2\/product_cat?post=3542"},{"taxonomy":"product_tag","embeddable":true,"href":"https:\/\/www.thestickerfamily.nl\/de\/wp-json\/wp\/v2\/product_tag?post=3542"}],"curies":[{"name":"wp","href":"https:\/\/api.w.org\/{rel}","templated":true}]}}