{"id":3531,"date":"2024-04-08T14:18:45","date_gmt":"2024-04-08T12:18:46","guid":{"rendered":"https:\/\/www.thestickerfamily.nl\/?post_type=product&#038;p=3531"},"modified":"2024-08-23T10:32:29","modified_gmt":"2024-08-23T08:32:29","slug":"d4-hund-2","status":"publish","type":"product","link":"https:\/\/www.thestickerfamily.nl\/de\/product\/d4-hund-2\/","title":{"rendered":"D4 &#8211; Hund"},"content":{"rendered":"<p><strong>Hund Aufkleber<\/strong><br \/>\nMit den Aufklebern von The Sticker Family k\u00f6nnen Sie Ihre eigene Familie zusammenstellen und diese Aufkleber beispielsweise auf Ihr Auto kleben. W\u00e4hlen Sie einen der sch\u00f6nen Hundeaufkleber, um zu zeigen, wie stolz Sie auf Ihr Haustier sind, oder kleben Sie alle Ihre Haustiere mit ihren Besitzern auf das Auto. Genau das, was Ihnen gef\u00e4llt.<\/p>\n<p><strong>Material<\/strong><br \/>\nDies ist ein transparenter Aufkleber mit wei\u00dfen Linien darauf. Sobald der Aufkleber auf einem dunklen oder farbigen Untergrund angebracht wird, werden die wei\u00dfen Linien deutlich sichtbar. Der Aufkleber besteht aus hochwertigem Vinyl und kann sowohl im Innen- als auch im Au\u00dfenbereich angebracht werden. Wetter- und wasserbest\u00e4ndig.<\/p>\n<p><strong>Format<\/strong><br \/>\nDieser Aufkleber ist 4,5 cm hoch<\/p>\n<p><strong>Versenden<\/strong><br \/>\nVor 12:00 Uhr bestellt, noch am selben Tag verschickt. Die Versandkosten innerhalb der Niederlande betragen 1,49 \u20ac. Au\u00dferhalb von NL 1,99 \u20ac<\/p>\n","protected":false},"excerpt":{"rendered":"<ul>\n<li>Aufkleber Hund<\/li>\n<li>Ab Lager lieferbar<\/li>\n<li>Schneller Versand<\/li>\n<\/ul>\n","protected":false},"featured_media":3537,"template":"","meta":[],"product_brand":[],"product_cat":[434,435],"product_tag":[501,544],"class_list":{"0":"post-3531","1":"product","2":"type-product","3":"status-publish","4":"has-post-thumbnail","6":"product_cat-tiere","7":"product_cat-hunde","8":"product_tag-haustier","9":"product_tag-hund","11":"first","12":"instock","13":"taxable","14":"shipping-taxable","15":"purchasable","16":"product-type-simple"},"yoast_head":"<!-- This site is optimized with the Yoast SEO plugin v26.6 - https:\/\/yoast.com\/wordpress\/plugins\/seo\/ -->\n<title>Hund aufkleber - The Sticker Family<\/title>\n<meta name=\"description\" content=\"Hund aufkleber. Mit den Aufklebern von The Sticker Family k\u00f6nnen Sie Ihre eigene Familie zusammenstellen und diese Aufkleber auf das Auto kleben. Erh\u00e4ltlich ab 1,99 \u20ac.\" \/>\n<meta name=\"robots\" content=\"index, follow, max-snippet:-1, max-image-preview:large, max-video-preview:-1\" \/>\n<link rel=\"canonical\" href=\"https:\/\/www.thestickerfamily.nl\/de\/product\/d4-hund-2\/\" \/>\n<meta property=\"og:locale\" content=\"de_DE\" \/>\n<meta property=\"og:type\" content=\"article\" \/>\n<meta property=\"og:title\" content=\"Hund aufkleber - The Sticker Family\" \/>\n<meta property=\"og:description\" content=\"Hund aufkleber. Mit den Aufklebern von The Sticker Family k\u00f6nnen Sie Ihre eigene Familie zusammenstellen und diese Aufkleber auf das Auto kleben. Erh\u00e4ltlich ab 1,99 \u20ac.\" \/>\n<meta property=\"og:url\" content=\"https:\/\/www.thestickerfamily.nl\/de\/product\/d4-hund-2\/\" \/>\n<meta property=\"og:site_name\" content=\"The Sticker Family\" \/>\n<meta property=\"article:publisher\" content=\"https:\/\/www.facebook.com\/thestickerfamily.nl\/\" \/>\n<meta property=\"article:modified_time\" content=\"2024-08-23T08:32:29+00:00\" \/>\n<meta property=\"og:image\" content=\"http:\/\/www.thestickerfamily.nl\/wp-content\/uploads\/2024\/04\/D2_hond_wit_350x350.jpg\" \/>\n\t<meta property=\"og:image:width\" content=\"350\" \/>\n\t<meta property=\"og:image:height\" content=\"350\" \/>\n\t<meta property=\"og:image:type\" content=\"image\/jpeg\" \/>\n<meta name=\"twitter:card\" content=\"summary_large_image\" \/>\n<meta name=\"twitter:label1\" content=\"Gesch\u00e4tzte Lesezeit\" \/>\n\t<meta name=\"twitter:data1\" content=\"1\u00a0Minute\" \/>\n<script type=\"application\/ld+json\" class=\"yoast-schema-graph\">{\"@context\":\"https:\/\/schema.org\",\"@graph\":[{\"@type\":\"WebPage\",\"@id\":\"https:\/\/www.thestickerfamily.nl\/de\/product\/d4-hund-2\/\",\"url\":\"https:\/\/www.thestickerfamily.nl\/de\/product\/d4-hund-2\/\",\"name\":\"Hund aufkleber - The Sticker Family\",\"isPartOf\":{\"@id\":\"https:\/\/www.thestickerfamily.nl\/de\/#website\"},\"primaryImageOfPage\":{\"@id\":\"https:\/\/www.thestickerfamily.nl\/de\/product\/d4-hund-2\/#primaryimage\"},\"image\":{\"@id\":\"https:\/\/www.thestickerfamily.nl\/de\/product\/d4-hund-2\/#primaryimage\"},\"thumbnailUrl\":\"https:\/\/www.thestickerfamily.nl\/wp-content\/uploads\/2024\/04\/D2_hond_wit_350x350.jpg\",\"datePublished\":\"2024-04-08T12:18:46+00:00\",\"dateModified\":\"2024-08-23T08:32:29+00:00\",\"description\":\"Hund aufkleber. Mit den Aufklebern von The Sticker Family k\u00f6nnen Sie Ihre eigene Familie zusammenstellen und diese Aufkleber auf das Auto kleben. Erh\u00e4ltlich ab 1,99 \u20ac.\",\"breadcrumb\":{\"@id\":\"https:\/\/www.thestickerfamily.nl\/de\/product\/d4-hund-2\/#breadcrumb\"},\"inLanguage\":\"de\",\"potentialAction\":[{\"@type\":\"ReadAction\",\"target\":[\"https:\/\/www.thestickerfamily.nl\/de\/product\/d4-hund-2\/\"]}]},{\"@type\":\"ImageObject\",\"inLanguage\":\"de\",\"@id\":\"https:\/\/www.thestickerfamily.nl\/de\/product\/d4-hund-2\/#primaryimage\",\"url\":\"https:\/\/www.thestickerfamily.nl\/wp-content\/uploads\/2024\/04\/D2_hond_wit_350x350.jpg\",\"contentUrl\":\"https:\/\/www.thestickerfamily.nl\/wp-content\/uploads\/2024\/04\/D2_hond_wit_350x350.jpg\",\"width\":350,\"height\":350},{\"@type\":\"BreadcrumbList\",\"@id\":\"https:\/\/www.thestickerfamily.nl\/de\/product\/d4-hund-2\/#breadcrumb\",\"itemListElement\":[{\"@type\":\"ListItem\",\"position\":1,\"name\":\"Home\",\"item\":\"https:\/\/www.thestickerfamily.nl\/de\/\"},{\"@type\":\"ListItem\",\"position\":2,\"name\":\"Shop\",\"item\":\"https:\/\/www.thestickerfamily.nl\/de\/shop\/\"},{\"@type\":\"ListItem\",\"position\":3,\"name\":\"D4 &#8211; Hund\"}]},{\"@type\":\"WebSite\",\"@id\":\"https:\/\/www.thestickerfamily.nl\/de\/#website\",\"url\":\"https:\/\/www.thestickerfamily.nl\/de\/\",\"name\":\"The Sticker Family\",\"description\":\"Autostickers van en voor het hele gezin!\",\"publisher\":{\"@id\":\"https:\/\/www.thestickerfamily.nl\/de\/#organization\"},\"potentialAction\":[{\"@type\":\"SearchAction\",\"target\":{\"@type\":\"EntryPoint\",\"urlTemplate\":\"https:\/\/www.thestickerfamily.nl\/de\/?s={search_term_string}\"},\"query-input\":{\"@type\":\"PropertyValueSpecification\",\"valueRequired\":true,\"valueName\":\"search_term_string\"}}],\"inLanguage\":\"de\"},{\"@type\":\"Organization\",\"@id\":\"https:\/\/www.thestickerfamily.nl\/de\/#organization\",\"name\":\"The Sticker Family\",\"url\":\"https:\/\/www.thestickerfamily.nl\/de\/\",\"logo\":{\"@type\":\"ImageObject\",\"inLanguage\":\"de\",\"@id\":\"https:\/\/www.thestickerfamily.nl\/de\/#\/schema\/logo\/image\/\",\"url\":\"https:\/\/www.thestickerfamily.nl\/wp-content\/uploads\/2023\/12\/logo-tsf-google.png\",\"contentUrl\":\"https:\/\/www.thestickerfamily.nl\/wp-content\/uploads\/2023\/12\/logo-tsf-google.png\",\"width\":369,\"height\":123,\"caption\":\"The Sticker Family\"},\"image\":{\"@id\":\"https:\/\/www.thestickerfamily.nl\/de\/#\/schema\/logo\/image\/\"},\"sameAs\":[\"https:\/\/www.facebook.com\/thestickerfamily.nl\/\",\"https:\/\/www.instagram.com\/thestickerfamily_nl\/\"]}]}<\/script>\n<!-- \/ Yoast SEO plugin. -->","yoast_head_json":{"title":"Hund aufkleber - The Sticker Family","description":"Hund aufkleber. Mit den Aufklebern von The Sticker Family k\u00f6nnen Sie Ihre eigene Familie zusammenstellen und diese Aufkleber auf das Auto kleben. Erh\u00e4ltlich ab 1,99 \u20ac.","robots":{"index":"index","follow":"follow","max-snippet":"max-snippet:-1","max-image-preview":"max-image-preview:large","max-video-preview":"max-video-preview:-1"},"canonical":"https:\/\/www.thestickerfamily.nl\/de\/product\/d4-hund-2\/","og_locale":"de_DE","og_type":"article","og_title":"Hund aufkleber - The Sticker Family","og_description":"Hund aufkleber. Mit den Aufklebern von The Sticker Family k\u00f6nnen Sie Ihre eigene Familie zusammenstellen und diese Aufkleber auf das Auto kleben. Erh\u00e4ltlich ab 1,99 \u20ac.","og_url":"https:\/\/www.thestickerfamily.nl\/de\/product\/d4-hund-2\/","og_site_name":"The Sticker Family","article_publisher":"https:\/\/www.facebook.com\/thestickerfamily.nl\/","article_modified_time":"2024-08-23T08:32:29+00:00","og_image":[{"width":350,"height":350,"url":"http:\/\/www.thestickerfamily.nl\/wp-content\/uploads\/2024\/04\/D2_hond_wit_350x350.jpg","type":"image\/jpeg"}],"twitter_card":"summary_large_image","twitter_misc":{"Gesch\u00e4tzte Lesezeit":"1\u00a0Minute"},"schema":{"@context":"https:\/\/schema.org","@graph":[{"@type":"WebPage","@id":"https:\/\/www.thestickerfamily.nl\/de\/product\/d4-hund-2\/","url":"https:\/\/www.thestickerfamily.nl\/de\/product\/d4-hund-2\/","name":"Hund aufkleber - The Sticker Family","isPartOf":{"@id":"https:\/\/www.thestickerfamily.nl\/de\/#website"},"primaryImageOfPage":{"@id":"https:\/\/www.thestickerfamily.nl\/de\/product\/d4-hund-2\/#primaryimage"},"image":{"@id":"https:\/\/www.thestickerfamily.nl\/de\/product\/d4-hund-2\/#primaryimage"},"thumbnailUrl":"https:\/\/www.thestickerfamily.nl\/wp-content\/uploads\/2024\/04\/D2_hond_wit_350x350.jpg","datePublished":"2024-04-08T12:18:46+00:00","dateModified":"2024-08-23T08:32:29+00:00","description":"Hund aufkleber. Mit den Aufklebern von The Sticker Family k\u00f6nnen Sie Ihre eigene Familie zusammenstellen und diese Aufkleber auf das Auto kleben. Erh\u00e4ltlich ab 1,99 \u20ac.","breadcrumb":{"@id":"https:\/\/www.thestickerfamily.nl\/de\/product\/d4-hund-2\/#breadcrumb"},"inLanguage":"de","potentialAction":[{"@type":"ReadAction","target":["https:\/\/www.thestickerfamily.nl\/de\/product\/d4-hund-2\/"]}]},{"@type":"ImageObject","inLanguage":"de","@id":"https:\/\/www.thestickerfamily.nl\/de\/product\/d4-hund-2\/#primaryimage","url":"https:\/\/www.thestickerfamily.nl\/wp-content\/uploads\/2024\/04\/D2_hond_wit_350x350.jpg","contentUrl":"https:\/\/www.thestickerfamily.nl\/wp-content\/uploads\/2024\/04\/D2_hond_wit_350x350.jpg","width":350,"height":350},{"@type":"BreadcrumbList","@id":"https:\/\/www.thestickerfamily.nl\/de\/product\/d4-hund-2\/#breadcrumb","itemListElement":[{"@type":"ListItem","position":1,"name":"Home","item":"https:\/\/www.thestickerfamily.nl\/de\/"},{"@type":"ListItem","position":2,"name":"Shop","item":"https:\/\/www.thestickerfamily.nl\/de\/shop\/"},{"@type":"ListItem","position":3,"name":"D4 &#8211; Hund"}]},{"@type":"WebSite","@id":"https:\/\/www.thestickerfamily.nl\/de\/#website","url":"https:\/\/www.thestickerfamily.nl\/de\/","name":"The Sticker Family","description":"Autostickers van en voor het hele gezin!","publisher":{"@id":"https:\/\/www.thestickerfamily.nl\/de\/#organization"},"potentialAction":[{"@type":"SearchAction","target":{"@type":"EntryPoint","urlTemplate":"https:\/\/www.thestickerfamily.nl\/de\/?s={search_term_string}"},"query-input":{"@type":"PropertyValueSpecification","valueRequired":true,"valueName":"search_term_string"}}],"inLanguage":"de"},{"@type":"Organization","@id":"https:\/\/www.thestickerfamily.nl\/de\/#organization","name":"The Sticker Family","url":"https:\/\/www.thestickerfamily.nl\/de\/","logo":{"@type":"ImageObject","inLanguage":"de","@id":"https:\/\/www.thestickerfamily.nl\/de\/#\/schema\/logo\/image\/","url":"https:\/\/www.thestickerfamily.nl\/wp-content\/uploads\/2023\/12\/logo-tsf-google.png","contentUrl":"https:\/\/www.thestickerfamily.nl\/wp-content\/uploads\/2023\/12\/logo-tsf-google.png","width":369,"height":123,"caption":"The Sticker Family"},"image":{"@id":"https:\/\/www.thestickerfamily.nl\/de\/#\/schema\/logo\/image\/"},"sameAs":["https:\/\/www.facebook.com\/thestickerfamily.nl\/","https:\/\/www.instagram.com\/thestickerfamily_nl\/"]}]}},"_links":{"self":[{"href":"https:\/\/www.thestickerfamily.nl\/de\/wp-json\/wp\/v2\/product\/3531","targetHints":{"allow":["GET"]}}],"collection":[{"href":"https:\/\/www.thestickerfamily.nl\/de\/wp-json\/wp\/v2\/product"}],"about":[{"href":"https:\/\/www.thestickerfamily.nl\/de\/wp-json\/wp\/v2\/types\/product"}],"wp:featuredmedia":[{"embeddable":true,"href":"https:\/\/www.thestickerfamily.nl\/de\/wp-json\/wp\/v2\/media\/3537"}],"wp:attachment":[{"href":"https:\/\/www.thestickerfamily.nl\/de\/wp-json\/wp\/v2\/media?parent=3531"}],"wp:term":[{"taxonomy":"product_brand","embeddable":true,"href":"https:\/\/www.thestickerfamily.nl\/de\/wp-json\/wp\/v2\/product_brand?post=3531"},{"taxonomy":"product_cat","embeddable":true,"href":"https:\/\/www.thestickerfamily.nl\/de\/wp-json\/wp\/v2\/product_cat?post=3531"},{"taxonomy":"product_tag","embeddable":true,"href":"https:\/\/www.thestickerfamily.nl\/de\/wp-json\/wp\/v2\/product_tag?post=3531"}],"curies":[{"name":"wp","href":"https:\/\/api.w.org\/{rel}","templated":true}]}}