{"id":2696,"date":"2018-10-31T15:43:44","date_gmt":"2018-10-31T14:43:44","guid":{"rendered":"http:\/\/529408007.swh.strato-hosting.eu\/shop\/unkategorisiert\/d5-hund\/"},"modified":"2024-08-23T11:11:30","modified_gmt":"2024-08-23T09:11:30","slug":"d5-hund","status":"publish","type":"product","link":"https:\/\/www.thestickerfamily.nl\/de\/product\/d5-hund\/","title":{"rendered":"D5 &#8211; Hund"},"content":{"rendered":"<p><strong>Hundeaufkleber<\/strong><br \/>\nMit den Aufklebern von The Sticker Family k\u00f6nnen Sie Ihre eigene Familie zusammenstellen und diese Aufkleber beispielsweise auf Ihr Auto kleben. W\u00e4hlen Sie einen der sch\u00f6nen Hundeaufkleber, um zu zeigen, wie stolz Sie auf Ihr Haustier sind, oder kleben Sie alle Ihre Haustiere mit ihren Besitzern auf das Auto. Genau das, was Ihnen gef\u00e4llt.<\/p>\n<p><strong>Material<\/strong><br \/>\nDies ist ein transparenter Aufkleber mit wei\u00dfen Linien darauf. Sobald der Aufkleber auf einem dunklen oder farbigen Untergrund angebracht wird, werden die wei\u00dfen Linien deutlich sichtbar. Der Aufkleber besteht aus hochwertigem Vinyl und kann sowohl im Innen- als auch im Au\u00dfenbereich angebracht werden. Wetter- und wasserbest\u00e4ndig.<\/p>\n<p><strong>Format<\/strong><br \/>\nDieser Aufkleber ist 5,2 cm hoch<\/p>\n<p><strong>Versenden<\/strong><br \/>\nVor 12:00 Uhr bestellt, noch am selben Tag verschickt. Die Versandkosten innerhalb der Niederlande betragen 1,49 \u20ac. Au\u00dferhalb von NL 1,99 \u20ac<\/p>\n<p>&nbsp;<\/p>\n","protected":false},"excerpt":{"rendered":"<ul>\n<li>Aufkleber Hund<\/li>\n<li>Schneller Versand<\/li>\n<li>Ab Lager lieferbar<\/li>\n<\/ul>\n","protected":false},"featured_media":2697,"template":"","meta":[],"product_brand":[],"product_cat":[434,435],"product_tag":[501,544,545],"class_list":{"0":"post-2696","1":"product","2":"type-product","3":"status-publish","4":"has-post-thumbnail","6":"product_cat-tiere","7":"product_cat-hunde","8":"product_tag-haustier","9":"product_tag-hund","10":"product_tag-stumpf","12":"first","13":"instock","14":"taxable","15":"shipping-taxable","16":"purchasable","17":"product-type-simple"},"yoast_head":"<!-- This site is optimized with the Yoast SEO plugin v26.6 - https:\/\/yoast.com\/wordpress\/plugins\/seo\/ -->\n<title>Hundeaufkleber - The Sticker Family<\/title>\n<meta name=\"description\" content=\"Hundeaufkleber. Mit den Aufklebern von The Sticker Family k\u00f6nnen Sie Ihre eigene Familie zusammenstellen und diese Aufkleber auf das Auto kleben.\" \/>\n<meta name=\"robots\" content=\"index, follow, max-snippet:-1, max-image-preview:large, max-video-preview:-1\" \/>\n<link rel=\"canonical\" href=\"https:\/\/www.thestickerfamily.nl\/de\/product\/d5-hund\/\" \/>\n<meta property=\"og:locale\" content=\"de_DE\" \/>\n<meta property=\"og:type\" content=\"article\" \/>\n<meta property=\"og:title\" content=\"Hundeaufkleber - The Sticker Family\" \/>\n<meta property=\"og:description\" content=\"Hundeaufkleber. Mit den Aufklebern von The Sticker Family k\u00f6nnen Sie Ihre eigene Familie zusammenstellen und diese Aufkleber auf das Auto kleben.\" \/>\n<meta property=\"og:url\" content=\"https:\/\/www.thestickerfamily.nl\/de\/product\/d5-hund\/\" \/>\n<meta property=\"og:site_name\" content=\"The Sticker Family\" \/>\n<meta property=\"article:publisher\" content=\"https:\/\/www.facebook.com\/thestickerfamily.nl\/\" \/>\n<meta property=\"article:modified_time\" content=\"2024-08-23T09:11:30+00:00\" \/>\n<meta property=\"og:image\" content=\"http:\/\/www.thestickerfamily.nl\/wp-content\/uploads\/2018\/10\/D5_hond-bot_wit_350x350.jpg\" \/>\n\t<meta property=\"og:image:width\" content=\"350\" \/>\n\t<meta property=\"og:image:height\" content=\"350\" \/>\n\t<meta property=\"og:image:type\" content=\"image\/jpeg\" \/>\n<meta name=\"twitter:card\" content=\"summary_large_image\" \/>\n<meta name=\"twitter:label1\" content=\"Gesch\u00e4tzte Lesezeit\" \/>\n\t<meta name=\"twitter:data1\" content=\"1\u00a0Minute\" \/>\n<script type=\"application\/ld+json\" class=\"yoast-schema-graph\">{\"@context\":\"https:\/\/schema.org\",\"@graph\":[{\"@type\":\"WebPage\",\"@id\":\"https:\/\/www.thestickerfamily.nl\/de\/product\/d5-hund\/\",\"url\":\"https:\/\/www.thestickerfamily.nl\/de\/product\/d5-hund\/\",\"name\":\"Hundeaufkleber - The Sticker Family\",\"isPartOf\":{\"@id\":\"https:\/\/www.thestickerfamily.nl\/de\/#website\"},\"primaryImageOfPage\":{\"@id\":\"https:\/\/www.thestickerfamily.nl\/de\/product\/d5-hund\/#primaryimage\"},\"image\":{\"@id\":\"https:\/\/www.thestickerfamily.nl\/de\/product\/d5-hund\/#primaryimage\"},\"thumbnailUrl\":\"https:\/\/www.thestickerfamily.nl\/wp-content\/uploads\/2018\/10\/D5_hond-bot_wit_350x350.jpg\",\"datePublished\":\"2018-10-31T14:43:44+00:00\",\"dateModified\":\"2024-08-23T09:11:30+00:00\",\"description\":\"Hundeaufkleber. Mit den Aufklebern von The Sticker Family k\u00f6nnen Sie Ihre eigene Familie zusammenstellen und diese Aufkleber auf das Auto kleben.\",\"breadcrumb\":{\"@id\":\"https:\/\/www.thestickerfamily.nl\/de\/product\/d5-hund\/#breadcrumb\"},\"inLanguage\":\"de\",\"potentialAction\":[{\"@type\":\"ReadAction\",\"target\":[\"https:\/\/www.thestickerfamily.nl\/de\/product\/d5-hund\/\"]}]},{\"@type\":\"ImageObject\",\"inLanguage\":\"de\",\"@id\":\"https:\/\/www.thestickerfamily.nl\/de\/product\/d5-hund\/#primaryimage\",\"url\":\"https:\/\/www.thestickerfamily.nl\/wp-content\/uploads\/2018\/10\/D5_hond-bot_wit_350x350.jpg\",\"contentUrl\":\"https:\/\/www.thestickerfamily.nl\/wp-content\/uploads\/2018\/10\/D5_hond-bot_wit_350x350.jpg\",\"width\":350,\"height\":350},{\"@type\":\"BreadcrumbList\",\"@id\":\"https:\/\/www.thestickerfamily.nl\/de\/product\/d5-hund\/#breadcrumb\",\"itemListElement\":[{\"@type\":\"ListItem\",\"position\":1,\"name\":\"Home\",\"item\":\"https:\/\/www.thestickerfamily.nl\/de\/\"},{\"@type\":\"ListItem\",\"position\":2,\"name\":\"Shop\",\"item\":\"https:\/\/www.thestickerfamily.nl\/de\/shop\/\"},{\"@type\":\"ListItem\",\"position\":3,\"name\":\"D5 &#8211; Hund\"}]},{\"@type\":\"WebSite\",\"@id\":\"https:\/\/www.thestickerfamily.nl\/de\/#website\",\"url\":\"https:\/\/www.thestickerfamily.nl\/de\/\",\"name\":\"The Sticker Family\",\"description\":\"Autostickers van en voor het hele gezin!\",\"publisher\":{\"@id\":\"https:\/\/www.thestickerfamily.nl\/de\/#organization\"},\"potentialAction\":[{\"@type\":\"SearchAction\",\"target\":{\"@type\":\"EntryPoint\",\"urlTemplate\":\"https:\/\/www.thestickerfamily.nl\/de\/?s={search_term_string}\"},\"query-input\":{\"@type\":\"PropertyValueSpecification\",\"valueRequired\":true,\"valueName\":\"search_term_string\"}}],\"inLanguage\":\"de\"},{\"@type\":\"Organization\",\"@id\":\"https:\/\/www.thestickerfamily.nl\/de\/#organization\",\"name\":\"The Sticker Family\",\"url\":\"https:\/\/www.thestickerfamily.nl\/de\/\",\"logo\":{\"@type\":\"ImageObject\",\"inLanguage\":\"de\",\"@id\":\"https:\/\/www.thestickerfamily.nl\/de\/#\/schema\/logo\/image\/\",\"url\":\"https:\/\/www.thestickerfamily.nl\/wp-content\/uploads\/2023\/12\/logo-tsf-google.png\",\"contentUrl\":\"https:\/\/www.thestickerfamily.nl\/wp-content\/uploads\/2023\/12\/logo-tsf-google.png\",\"width\":369,\"height\":123,\"caption\":\"The Sticker Family\"},\"image\":{\"@id\":\"https:\/\/www.thestickerfamily.nl\/de\/#\/schema\/logo\/image\/\"},\"sameAs\":[\"https:\/\/www.facebook.com\/thestickerfamily.nl\/\",\"https:\/\/www.instagram.com\/thestickerfamily_nl\/\"]}]}<\/script>\n<!-- \/ Yoast SEO plugin. -->","yoast_head_json":{"title":"Hundeaufkleber - The Sticker Family","description":"Hundeaufkleber. Mit den Aufklebern von The Sticker Family k\u00f6nnen Sie Ihre eigene Familie zusammenstellen und diese Aufkleber auf das Auto kleben.","robots":{"index":"index","follow":"follow","max-snippet":"max-snippet:-1","max-image-preview":"max-image-preview:large","max-video-preview":"max-video-preview:-1"},"canonical":"https:\/\/www.thestickerfamily.nl\/de\/product\/d5-hund\/","og_locale":"de_DE","og_type":"article","og_title":"Hundeaufkleber - The Sticker Family","og_description":"Hundeaufkleber. Mit den Aufklebern von The Sticker Family k\u00f6nnen Sie Ihre eigene Familie zusammenstellen und diese Aufkleber auf das Auto kleben.","og_url":"https:\/\/www.thestickerfamily.nl\/de\/product\/d5-hund\/","og_site_name":"The Sticker Family","article_publisher":"https:\/\/www.facebook.com\/thestickerfamily.nl\/","article_modified_time":"2024-08-23T09:11:30+00:00","og_image":[{"width":350,"height":350,"url":"http:\/\/www.thestickerfamily.nl\/wp-content\/uploads\/2018\/10\/D5_hond-bot_wit_350x350.jpg","type":"image\/jpeg"}],"twitter_card":"summary_large_image","twitter_misc":{"Gesch\u00e4tzte Lesezeit":"1\u00a0Minute"},"schema":{"@context":"https:\/\/schema.org","@graph":[{"@type":"WebPage","@id":"https:\/\/www.thestickerfamily.nl\/de\/product\/d5-hund\/","url":"https:\/\/www.thestickerfamily.nl\/de\/product\/d5-hund\/","name":"Hundeaufkleber - The Sticker Family","isPartOf":{"@id":"https:\/\/www.thestickerfamily.nl\/de\/#website"},"primaryImageOfPage":{"@id":"https:\/\/www.thestickerfamily.nl\/de\/product\/d5-hund\/#primaryimage"},"image":{"@id":"https:\/\/www.thestickerfamily.nl\/de\/product\/d5-hund\/#primaryimage"},"thumbnailUrl":"https:\/\/www.thestickerfamily.nl\/wp-content\/uploads\/2018\/10\/D5_hond-bot_wit_350x350.jpg","datePublished":"2018-10-31T14:43:44+00:00","dateModified":"2024-08-23T09:11:30+00:00","description":"Hundeaufkleber. Mit den Aufklebern von The Sticker Family k\u00f6nnen Sie Ihre eigene Familie zusammenstellen und diese Aufkleber auf das Auto kleben.","breadcrumb":{"@id":"https:\/\/www.thestickerfamily.nl\/de\/product\/d5-hund\/#breadcrumb"},"inLanguage":"de","potentialAction":[{"@type":"ReadAction","target":["https:\/\/www.thestickerfamily.nl\/de\/product\/d5-hund\/"]}]},{"@type":"ImageObject","inLanguage":"de","@id":"https:\/\/www.thestickerfamily.nl\/de\/product\/d5-hund\/#primaryimage","url":"https:\/\/www.thestickerfamily.nl\/wp-content\/uploads\/2018\/10\/D5_hond-bot_wit_350x350.jpg","contentUrl":"https:\/\/www.thestickerfamily.nl\/wp-content\/uploads\/2018\/10\/D5_hond-bot_wit_350x350.jpg","width":350,"height":350},{"@type":"BreadcrumbList","@id":"https:\/\/www.thestickerfamily.nl\/de\/product\/d5-hund\/#breadcrumb","itemListElement":[{"@type":"ListItem","position":1,"name":"Home","item":"https:\/\/www.thestickerfamily.nl\/de\/"},{"@type":"ListItem","position":2,"name":"Shop","item":"https:\/\/www.thestickerfamily.nl\/de\/shop\/"},{"@type":"ListItem","position":3,"name":"D5 &#8211; Hund"}]},{"@type":"WebSite","@id":"https:\/\/www.thestickerfamily.nl\/de\/#website","url":"https:\/\/www.thestickerfamily.nl\/de\/","name":"The Sticker Family","description":"Autostickers van en voor het hele gezin!","publisher":{"@id":"https:\/\/www.thestickerfamily.nl\/de\/#organization"},"potentialAction":[{"@type":"SearchAction","target":{"@type":"EntryPoint","urlTemplate":"https:\/\/www.thestickerfamily.nl\/de\/?s={search_term_string}"},"query-input":{"@type":"PropertyValueSpecification","valueRequired":true,"valueName":"search_term_string"}}],"inLanguage":"de"},{"@type":"Organization","@id":"https:\/\/www.thestickerfamily.nl\/de\/#organization","name":"The Sticker Family","url":"https:\/\/www.thestickerfamily.nl\/de\/","logo":{"@type":"ImageObject","inLanguage":"de","@id":"https:\/\/www.thestickerfamily.nl\/de\/#\/schema\/logo\/image\/","url":"https:\/\/www.thestickerfamily.nl\/wp-content\/uploads\/2023\/12\/logo-tsf-google.png","contentUrl":"https:\/\/www.thestickerfamily.nl\/wp-content\/uploads\/2023\/12\/logo-tsf-google.png","width":369,"height":123,"caption":"The Sticker Family"},"image":{"@id":"https:\/\/www.thestickerfamily.nl\/de\/#\/schema\/logo\/image\/"},"sameAs":["https:\/\/www.facebook.com\/thestickerfamily.nl\/","https:\/\/www.instagram.com\/thestickerfamily_nl\/"]}]}},"_links":{"self":[{"href":"https:\/\/www.thestickerfamily.nl\/de\/wp-json\/wp\/v2\/product\/2696","targetHints":{"allow":["GET"]}}],"collection":[{"href":"https:\/\/www.thestickerfamily.nl\/de\/wp-json\/wp\/v2\/product"}],"about":[{"href":"https:\/\/www.thestickerfamily.nl\/de\/wp-json\/wp\/v2\/types\/product"}],"wp:featuredmedia":[{"embeddable":true,"href":"https:\/\/www.thestickerfamily.nl\/de\/wp-json\/wp\/v2\/media\/2697"}],"wp:attachment":[{"href":"https:\/\/www.thestickerfamily.nl\/de\/wp-json\/wp\/v2\/media?parent=2696"}],"wp:term":[{"taxonomy":"product_brand","embeddable":true,"href":"https:\/\/www.thestickerfamily.nl\/de\/wp-json\/wp\/v2\/product_brand?post=2696"},{"taxonomy":"product_cat","embeddable":true,"href":"https:\/\/www.thestickerfamily.nl\/de\/wp-json\/wp\/v2\/product_cat?post=2696"},{"taxonomy":"product_tag","embeddable":true,"href":"https:\/\/www.thestickerfamily.nl\/de\/wp-json\/wp\/v2\/product_tag?post=2696"}],"curies":[{"name":"wp","href":"https:\/\/api.w.org\/{rel}","templated":true}]}}