{"id":2302,"date":"2019-10-25T16:50:01","date_gmt":"2019-10-25T14:50:01","guid":{"rendered":"http:\/\/529408007.swh.strato-hosting.eu\/kontakt\/"},"modified":"2026-01-16T12:52:55","modified_gmt":"2026-01-16T11:52:55","slug":"kontakt","status":"publish","type":"page","link":"https:\/\/www.thestickerfamily.nl\/de\/kontakt\/","title":{"rendered":"Kontakt"},"content":{"rendered":"\n\n  <div class=\"banner has-hover\" id=\"banner-1488914801\">\n          <div class=\"banner-inner fill\">\n        <div class=\"banner-bg fill\" >\n            <img loading=\"lazy\" decoding=\"async\" width=\"1020\" height=\"319\" src=\"https:\/\/www.thestickerfamily.nl\/wp-content\/uploads\/2018\/11\/banner-contact.jpg\" class=\"bg attachment-large size-large\" alt=\"\" \/>                                    \n                    <\/div>\n\t\t\n        <div class=\"banner-layers container\">\n            <div class=\"fill banner-link\"><\/div>            \n\n   <div id=\"text-box-725169196\" class=\"text-box banner-layer x0 md-x0 lg-x0 y50 md-y50 lg-y50 res-text\">\n                                <div class=\"text-box-content text dark\">\n              \n              <div class=\"text-inner text-center\">\n                  \n\n<h3 class=\"uppercase\"><b>kontakt<\/b><\/h3>\n\n              <\/div>\n           <\/div>\n                            \n<style>\n#text-box-725169196 {\n  width: 60%;\n}\n#text-box-725169196 .text-box-content {\n  font-size: 100%;\n}\n<\/style>\n    <\/div>\n \n\n        <\/div>\n      <\/div>\n\n            \n<style>\n#banner-1488914801 {\n  padding-top: 500px;\n}\n#banner-1488914801 .banner-bg img {\n  object-position: 49% 92%;\n}\n<\/style>\n  <\/div>\n\n\n<div class=\"row\"  id=\"row-547910998\">\n\n\n\t<div id=\"col-520943388\" class=\"col medium-6 large-6\"  >\n\t\t\t\t<div class=\"col-inner\"  >\n\t\t\t\n\t\t\t\n\n<div class=\"container section-title-container\" ><h3 class=\"section-title section-title-normal\"><b aria-hidden=\"true\"><\/b><span class=\"section-title-main\" >FRAGEN UND ANTWORTEN<\/span><b aria-hidden=\"true\"><\/b><\/h3><\/div>\n\n<p class=\"lead\">Du kannst uns selbstverst\u00e4ndlich auch per E-Mail erreichen.<\/p>\n<div class=\"accordion\">\n\n\t<div id=\"accordion-964184869\" class=\"accordion-item\">\n\t\t<a id=\"accordion-964184869-label\" class=\"accordion-title plain\" href=\"#accordion-item-wie-hoch-sind-die-versandkosten?\" aria-expanded=\"false\" aria-controls=\"accordion-964184869-content\">\n\t\t\t<button class=\"toggle\" aria-label=\"Umschalten\"><i class=\"icon-angle-down\" aria-hidden=\"true\"><\/i><\/button>\n\t\t\t<span>Wie hoch sind die Versandkosten?<\/span>\n\t\t<\/a>\n\t\t<div id=\"accordion-964184869-content\" class=\"accordion-inner\" aria-labelledby=\"accordion-964184869-label\">\n\t\t\t\n\n<p>Aufkleber als Briefversand \u20ac 2,00 Niederlande. Aufkleber als Briefversand \u20ac 2,99 EU. <\/p>\n\n\n\t\t<\/div>\n\t<\/div>\n\t\n\t<div id=\"accordion-2175784342\" class=\"accordion-item\">\n\t\t<a id=\"accordion-2175784342-label\" class=\"accordion-title plain\" href=\"#accordion-item-op-welke-wijze-kan-ik-betalen-bij-the-sticker-family?\" aria-expanded=\"false\" aria-controls=\"accordion-2175784342-content\">\n\t\t\t<button class=\"toggle\" aria-label=\"Umschalten\"><i class=\"icon-angle-down\" aria-hidden=\"true\"><\/i><\/button>\n\t\t\t<span>Op welke wijze kan ik betalen bij The Sticker Family?<\/span>\n\t\t<\/a>\n\t\t<div id=\"accordion-2175784342-content\" class=\"accordion-inner\" aria-labelledby=\"accordion-2175784342-label\">\n\t\t\t\n\n<p>Im Bereich der Online-Bezahlmethoden stehen euch folgende Varianten zur Verf\u00fcgung: met Ideal (NL), Mistercash of KBC\/CBC (EU). Vorauskasse durch Bank\u00fcberweisung. Hierf\u00fcr w\u00e4hlst Du bei der Bestellung die Zahlart &#8222;Vorkasse\/\u00dcberweisung&#8220; aus, schlie\u00dft die Bestellung ab und sendest dann den Rechnungsbetrag per \u00dcberweisung an IBAN NL87INGB 0006 3012 23 tnv Familiestickers Verwendungszweck: Bestellnummer (siehe Bestellbest\u00e4tigungsmail) + Vorname Nachname.<\/p>\n\n\t\t<\/div>\n\t<\/div>\n\t\n\t<div id=\"accordion-3201301930\" class=\"accordion-item\">\n\t\t<a id=\"accordion-3201301930-label\" class=\"accordion-title plain\" href=\"#accordion-item-wann-erhalte-ich-meine-bestellung?\" aria-expanded=\"false\" aria-controls=\"accordion-3201301930-content\">\n\t\t\t<button class=\"toggle\" aria-label=\"Umschalten\"><i class=\"icon-angle-down\" aria-hidden=\"true\"><\/i><\/button>\n\t\t\t<span>Wann erhalte ich meine Bestellung?<\/span>\n\t\t<\/a>\n\t\t<div id=\"accordion-3201301930-content\" class=\"accordion-inner\" aria-labelledby=\"accordion-3201301930-label\">\n\t\t\t\n\n<p>Nach Eingang Ihrer Bestellung und Zahlung werden die Aufkleber innerhalb von 2 Werktagen per Briefkastenpost versandt. <br \/> <\/ P><\/p>\n\n\n\t\t<\/div>\n\t<\/div>\n\t\n\t<div id=\"accordion-2722376557\" class=\"accordion-item\">\n\t\t<a id=\"accordion-2722376557-label\" class=\"accordion-title plain\" href=\"#accordion-item-wie-klebe-ich-die-aufkleber-auf?\" aria-expanded=\"false\" aria-controls=\"accordion-2722376557-content\">\n\t\t\t<button class=\"toggle\" aria-label=\"Umschalten\"><i class=\"icon-angle-down\" aria-hidden=\"true\"><\/i><\/button>\n\t\t\t<span>Wie klebe ich die Aufkleber auf?<\/span>\n\t\t<\/a>\n\t\t<div id=\"accordion-2722376557-content\" class=\"accordion-inner\" aria-labelledby=\"accordion-2722376557-label\">\n\t\t\t\n\n<p>Hier finden Sie eine detaillierte Beschreibung, wie Sie die Aufkleber einfach und schnell anbringen k\u00f6nnen <a href=\"http:\/\/529408007.swh.strato-hosting.eu\/elements\/pages\/plakinstructie\/\">hier<\/a>.<\/p>\n\n\t\t<\/div>\n\t<\/div>\n\t\n\t<div id=\"accordion-2400785210\" class=\"accordion-item\">\n\t\t<a id=\"accordion-2400785210-label\" class=\"accordion-title plain\" href=\"#accordion-item-kann-ich-auch-namen-bestellen?\" aria-expanded=\"false\" aria-controls=\"accordion-2400785210-content\">\n\t\t\t<button class=\"toggle\" aria-label=\"Umschalten\"><i class=\"icon-angle-down\" aria-hidden=\"true\"><\/i><\/button>\n\t\t\t<span>Kann ich auch Namen bestellen?<\/span>\n\t\t<\/a>\n\t\t<div id=\"accordion-2400785210-content\" class=\"accordion-inner\" aria-labelledby=\"accordion-2400785210-label\">\n\t\t\t\n\n<p>Ja das kannst du Kontaktieren Sie uns per E-Mail<\/p>\n\n\t\t<\/div>\n\t<\/div>\n\t\n\t<div id=\"accordion-4239474199\" class=\"accordion-item\">\n\t\t<a id=\"accordion-4239474199-label\" class=\"accordion-title plain\" href=\"#accordion-item-erhalte-ich-auch-eine-rechnung?\" aria-expanded=\"false\" aria-controls=\"accordion-4239474199-content\">\n\t\t\t<button class=\"toggle\" aria-label=\"Umschalten\"><i class=\"icon-angle-down\" aria-hidden=\"true\"><\/i><\/button>\n\t\t\t<span>Erhalte ich auch eine Rechnung?<\/span>\n\t\t<\/a>\n\t\t<div id=\"accordion-4239474199-content\" class=\"accordion-inner\" aria-labelledby=\"accordion-4239474199-label\">\n\t\t\t\n\n<p>Nach Abschluss des Bestellvorgangs erhalten Sie eine Best\u00e4tigung mit Rechnung per Post. Es wird keine Papierrechnung bereitgestellt.<\/p>\n\n\t\t<\/div>\n\t<\/div>\n\t\n\n<\/div>\n\n\t\t<\/div>\n\t\t\t\t\t<\/div>\n\n\t\n\n\t<div id=\"col-523495732\" class=\"col medium-6 large-6\"  >\n\t\t\t\t<div class=\"col-inner\"  >\n\t\t\t\n\t\t\t\n\n<div class=\"container section-title-container\" ><h3 class=\"section-title section-title-normal\"><b aria-hidden=\"true\"><\/b><span class=\"section-title-main\" >Stuur ons een bericht<\/span><b aria-hidden=\"true\"><\/b><\/h3><\/div>\n\n<p>info@thestickerfamily.nl<\/p>\n\n\n\t\t<\/div>\n\t\t\t\t\t<\/div>\n\n\t\n\n\t<div id=\"col-763710\" class=\"col medium-4 small-12 large-4\"  >\n\t\t\t\t<div class=\"col-inner\"  >\n\t\t\t\n\t\t\t\n\n<p>The Sticker Family NL<br \/>\nNicht gefunden, was Sie suchen?<br \/>\ninfo@thestickerfamily.nl<\/p>\n<p>Oder<br \/>\n+31 (0) 6 &#8211; 12 17 29 10<\/p>\n<p>KVK &#8211;\u00a064462021<br \/>\nBTW nr &#8211;\u00a0NL001622502B32<\/p>\n\n\t\t<\/div>\n\t\t\t\t\t<\/div>\n\n\t\n\n<\/div>\n\n","protected":false},"excerpt":{"rendered":"","protected":false},"author":1,"featured_media":1513,"parent":0,"menu_order":0,"comment_status":"closed","ping_status":"closed","template":"page-blank.php","meta":{"footnotes":""},"class_list":["post-2302","page","type-page","status-publish","has-post-thumbnail","hentry"],"yoast_head":"<!-- This site is optimized with the Yoast SEO plugin v26.6 - https:\/\/yoast.com\/wordpress\/plugins\/seo\/ -->\n<title>Kontakt - The Sticker Family<\/title>\n<meta name=\"robots\" content=\"index, follow, max-snippet:-1, max-image-preview:large, max-video-preview:-1\" \/>\n<link rel=\"canonical\" href=\"https:\/\/www.thestickerfamily.nl\/de\/kontakt\/\" \/>\n<meta property=\"og:locale\" content=\"de_DE\" \/>\n<meta property=\"og:type\" content=\"article\" \/>\n<meta property=\"og:title\" content=\"Kontakt - The Sticker Family\" \/>\n<meta property=\"og:url\" content=\"https:\/\/www.thestickerfamily.nl\/de\/kontakt\/\" \/>\n<meta property=\"og:site_name\" content=\"The Sticker Family\" \/>\n<meta property=\"article:publisher\" content=\"https:\/\/www.facebook.com\/thestickerfamily.nl\/\" \/>\n<meta property=\"article:modified_time\" content=\"2026-01-16T11:52:55+00:00\" \/>\n<meta property=\"og:image\" content=\"http:\/\/www.thestickerfamily.nl\/wp-content\/uploads\/2016\/08\/dummy-1.jpg\" \/>\n\t<meta property=\"og:image:width\" content=\"400\" \/>\n\t<meta property=\"og:image:height\" content=\"260\" \/>\n\t<meta property=\"og:image:type\" content=\"image\/jpeg\" \/>\n<meta name=\"twitter:card\" content=\"summary_large_image\" \/>\n<meta name=\"twitter:label1\" content=\"Gesch\u00e4tzte Lesezeit\" \/>\n\t<meta name=\"twitter:data1\" content=\"1\u00a0Minute\" \/>\n<script type=\"application\/ld+json\" class=\"yoast-schema-graph\">{\"@context\":\"https:\/\/schema.org\",\"@graph\":[{\"@type\":\"WebPage\",\"@id\":\"https:\/\/www.thestickerfamily.nl\/de\/kontakt\/\",\"url\":\"https:\/\/www.thestickerfamily.nl\/de\/kontakt\/\",\"name\":\"Kontakt - The Sticker Family\",\"isPartOf\":{\"@id\":\"https:\/\/www.thestickerfamily.nl\/de\/#website\"},\"primaryImageOfPage\":{\"@id\":\"https:\/\/www.thestickerfamily.nl\/de\/kontakt\/#primaryimage\"},\"image\":{\"@id\":\"https:\/\/www.thestickerfamily.nl\/de\/kontakt\/#primaryimage\"},\"thumbnailUrl\":\"https:\/\/www.thestickerfamily.nl\/wp-content\/uploads\/2016\/08\/dummy-1.jpg\",\"datePublished\":\"2019-10-25T14:50:01+00:00\",\"dateModified\":\"2026-01-16T11:52:55+00:00\",\"breadcrumb\":{\"@id\":\"https:\/\/www.thestickerfamily.nl\/de\/kontakt\/#breadcrumb\"},\"inLanguage\":\"de\",\"potentialAction\":[{\"@type\":\"ReadAction\",\"target\":[\"https:\/\/www.thestickerfamily.nl\/de\/kontakt\/\"]}]},{\"@type\":\"ImageObject\",\"inLanguage\":\"de\",\"@id\":\"https:\/\/www.thestickerfamily.nl\/de\/kontakt\/#primaryimage\",\"url\":\"https:\/\/www.thestickerfamily.nl\/wp-content\/uploads\/2016\/08\/dummy-1.jpg\",\"contentUrl\":\"https:\/\/www.thestickerfamily.nl\/wp-content\/uploads\/2016\/08\/dummy-1.jpg\",\"width\":400,\"height\":260},{\"@type\":\"BreadcrumbList\",\"@id\":\"https:\/\/www.thestickerfamily.nl\/de\/kontakt\/#breadcrumb\",\"itemListElement\":[{\"@type\":\"ListItem\",\"position\":1,\"name\":\"Home\",\"item\":\"https:\/\/www.thestickerfamily.nl\/de\/\"},{\"@type\":\"ListItem\",\"position\":2,\"name\":\"Kontakt\"}]},{\"@type\":\"WebSite\",\"@id\":\"https:\/\/www.thestickerfamily.nl\/de\/#website\",\"url\":\"https:\/\/www.thestickerfamily.nl\/de\/\",\"name\":\"The Sticker Family\",\"description\":\"Autostickers van en voor het hele gezin!\",\"publisher\":{\"@id\":\"https:\/\/www.thestickerfamily.nl\/de\/#organization\"},\"potentialAction\":[{\"@type\":\"SearchAction\",\"target\":{\"@type\":\"EntryPoint\",\"urlTemplate\":\"https:\/\/www.thestickerfamily.nl\/de\/?s={search_term_string}\"},\"query-input\":{\"@type\":\"PropertyValueSpecification\",\"valueRequired\":true,\"valueName\":\"search_term_string\"}}],\"inLanguage\":\"de\"},{\"@type\":\"Organization\",\"@id\":\"https:\/\/www.thestickerfamily.nl\/de\/#organization\",\"name\":\"The Sticker Family\",\"url\":\"https:\/\/www.thestickerfamily.nl\/de\/\",\"logo\":{\"@type\":\"ImageObject\",\"inLanguage\":\"de\",\"@id\":\"https:\/\/www.thestickerfamily.nl\/de\/#\/schema\/logo\/image\/\",\"url\":\"https:\/\/www.thestickerfamily.nl\/wp-content\/uploads\/2023\/12\/logo-tsf-google.png\",\"contentUrl\":\"https:\/\/www.thestickerfamily.nl\/wp-content\/uploads\/2023\/12\/logo-tsf-google.png\",\"width\":369,\"height\":123,\"caption\":\"The Sticker Family\"},\"image\":{\"@id\":\"https:\/\/www.thestickerfamily.nl\/de\/#\/schema\/logo\/image\/\"},\"sameAs\":[\"https:\/\/www.facebook.com\/thestickerfamily.nl\/\",\"https:\/\/www.instagram.com\/thestickerfamily_nl\/\"]}]}<\/script>\n<!-- \/ Yoast SEO plugin. -->","yoast_head_json":{"title":"Kontakt - The Sticker Family","robots":{"index":"index","follow":"follow","max-snippet":"max-snippet:-1","max-image-preview":"max-image-preview:large","max-video-preview":"max-video-preview:-1"},"canonical":"https:\/\/www.thestickerfamily.nl\/de\/kontakt\/","og_locale":"de_DE","og_type":"article","og_title":"Kontakt - The Sticker Family","og_url":"https:\/\/www.thestickerfamily.nl\/de\/kontakt\/","og_site_name":"The Sticker Family","article_publisher":"https:\/\/www.facebook.com\/thestickerfamily.nl\/","article_modified_time":"2026-01-16T11:52:55+00:00","og_image":[{"width":400,"height":260,"url":"http:\/\/www.thestickerfamily.nl\/wp-content\/uploads\/2016\/08\/dummy-1.jpg","type":"image\/jpeg"}],"twitter_card":"summary_large_image","twitter_misc":{"Gesch\u00e4tzte Lesezeit":"1\u00a0Minute"},"schema":{"@context":"https:\/\/schema.org","@graph":[{"@type":"WebPage","@id":"https:\/\/www.thestickerfamily.nl\/de\/kontakt\/","url":"https:\/\/www.thestickerfamily.nl\/de\/kontakt\/","name":"Kontakt - The Sticker Family","isPartOf":{"@id":"https:\/\/www.thestickerfamily.nl\/de\/#website"},"primaryImageOfPage":{"@id":"https:\/\/www.thestickerfamily.nl\/de\/kontakt\/#primaryimage"},"image":{"@id":"https:\/\/www.thestickerfamily.nl\/de\/kontakt\/#primaryimage"},"thumbnailUrl":"https:\/\/www.thestickerfamily.nl\/wp-content\/uploads\/2016\/08\/dummy-1.jpg","datePublished":"2019-10-25T14:50:01+00:00","dateModified":"2026-01-16T11:52:55+00:00","breadcrumb":{"@id":"https:\/\/www.thestickerfamily.nl\/de\/kontakt\/#breadcrumb"},"inLanguage":"de","potentialAction":[{"@type":"ReadAction","target":["https:\/\/www.thestickerfamily.nl\/de\/kontakt\/"]}]},{"@type":"ImageObject","inLanguage":"de","@id":"https:\/\/www.thestickerfamily.nl\/de\/kontakt\/#primaryimage","url":"https:\/\/www.thestickerfamily.nl\/wp-content\/uploads\/2016\/08\/dummy-1.jpg","contentUrl":"https:\/\/www.thestickerfamily.nl\/wp-content\/uploads\/2016\/08\/dummy-1.jpg","width":400,"height":260},{"@type":"BreadcrumbList","@id":"https:\/\/www.thestickerfamily.nl\/de\/kontakt\/#breadcrumb","itemListElement":[{"@type":"ListItem","position":1,"name":"Home","item":"https:\/\/www.thestickerfamily.nl\/de\/"},{"@type":"ListItem","position":2,"name":"Kontakt"}]},{"@type":"WebSite","@id":"https:\/\/www.thestickerfamily.nl\/de\/#website","url":"https:\/\/www.thestickerfamily.nl\/de\/","name":"The Sticker Family","description":"Autostickers van en voor het hele gezin!","publisher":{"@id":"https:\/\/www.thestickerfamily.nl\/de\/#organization"},"potentialAction":[{"@type":"SearchAction","target":{"@type":"EntryPoint","urlTemplate":"https:\/\/www.thestickerfamily.nl\/de\/?s={search_term_string}"},"query-input":{"@type":"PropertyValueSpecification","valueRequired":true,"valueName":"search_term_string"}}],"inLanguage":"de"},{"@type":"Organization","@id":"https:\/\/www.thestickerfamily.nl\/de\/#organization","name":"The Sticker Family","url":"https:\/\/www.thestickerfamily.nl\/de\/","logo":{"@type":"ImageObject","inLanguage":"de","@id":"https:\/\/www.thestickerfamily.nl\/de\/#\/schema\/logo\/image\/","url":"https:\/\/www.thestickerfamily.nl\/wp-content\/uploads\/2023\/12\/logo-tsf-google.png","contentUrl":"https:\/\/www.thestickerfamily.nl\/wp-content\/uploads\/2023\/12\/logo-tsf-google.png","width":369,"height":123,"caption":"The Sticker Family"},"image":{"@id":"https:\/\/www.thestickerfamily.nl\/de\/#\/schema\/logo\/image\/"},"sameAs":["https:\/\/www.facebook.com\/thestickerfamily.nl\/","https:\/\/www.instagram.com\/thestickerfamily_nl\/"]}]}},"_links":{"self":[{"href":"https:\/\/www.thestickerfamily.nl\/de\/wp-json\/wp\/v2\/pages\/2302","targetHints":{"allow":["GET"]}}],"collection":[{"href":"https:\/\/www.thestickerfamily.nl\/de\/wp-json\/wp\/v2\/pages"}],"about":[{"href":"https:\/\/www.thestickerfamily.nl\/de\/wp-json\/wp\/v2\/types\/page"}],"author":[{"embeddable":true,"href":"https:\/\/www.thestickerfamily.nl\/de\/wp-json\/wp\/v2\/users\/1"}],"replies":[{"embeddable":true,"href":"https:\/\/www.thestickerfamily.nl\/de\/wp-json\/wp\/v2\/comments?post=2302"}],"version-history":[{"count":3,"href":"https:\/\/www.thestickerfamily.nl\/de\/wp-json\/wp\/v2\/pages\/2302\/revisions"}],"predecessor-version":[{"id":3883,"href":"https:\/\/www.thestickerfamily.nl\/de\/wp-json\/wp\/v2\/pages\/2302\/revisions\/3883"}],"wp:featuredmedia":[{"embeddable":true,"href":"https:\/\/www.thestickerfamily.nl\/de\/wp-json\/wp\/v2\/media\/1513"}],"wp:attachment":[{"href":"https:\/\/www.thestickerfamily.nl\/de\/wp-json\/wp\/v2\/media?parent=2302"}],"curies":[{"name":"wp","href":"https:\/\/api.w.org\/{rel}","templated":true}]}}