{"id":2295,"date":"2019-10-25T15:49:23","date_gmt":"2019-10-25T13:49:23","guid":{"rendered":"http:\/\/529408007.swh.strato-hosting.eu\/autoaufkleber-anbringen\/"},"modified":"2019-12-16T14:18:26","modified_gmt":"2019-12-16T13:18:26","slug":"autoaufkleber-anbringen","status":"publish","type":"page","link":"https:\/\/www.thestickerfamily.nl\/de\/autoaufkleber-anbringen\/","title":{"rendered":"Autoaufkleber anbringen"},"content":{"rendered":"\n  <div class=\"banner has-hover has-parallax\" id=\"banner-184741994\">\n          <div class=\"banner-inner fill\">\n        <div class=\"banner-bg fill\" data-parallax=\"-3\" data-parallax-container=\".banner\" data-parallax-background>\n            <img loading=\"lazy\" decoding=\"async\" width=\"1020\" height=\"319\" src=\"https:\/\/www.thestickerfamily.nl\/wp-content\/uploads\/2018\/11\/banner-over-ons-1.jpg\" class=\"bg attachment-large size-large\" alt=\"\" \/>                                    \n                    <\/div>\n\t\t\n        <div class=\"banner-layers container\">\n            <div class=\"fill banner-link\"><\/div>            \n   <div id=\"text-box-1172733822\" class=\"text-box banner-layer x50 md-x50 lg-x50 y80 md-y80 lg-y80 res-text\">\n                                <div class=\"text-box-content text dark\">\n              \n              <div class=\"text-inner text-center\">\n                  \n<h1 class=\"lead\">Autoaufkleber richtig anbringen<\/h1>\n<p class=\"lead\">Autoaufkleber sind eine einfache und g\u00fcnstige Methode, das eigene Auto zu individualisieren. Wir verraten Ihnen, wie Sie Ihren aufkleber richtig anbringen.<\/p>\n              <\/div>\n           <\/div>\n                            \n<style>\n#text-box-1172733822 {\n  width: 60%;\n}\n#text-box-1172733822 .text-box-content {\n  font-size: 100%;\n}\n<\/style>\n    <\/div>\n \n        <\/div>\n      <\/div>\n\n            \n<style>\n#banner-184741994 {\n  padding-top: 507px;\n}\n#banner-184741994 .banner-bg img {\n  object-position: 56% 51%;\n}\n<\/style>\n  <\/div>\n\n\n<div class=\"row\"  id=\"row-1281859050\">\n\n\t<div id=\"col-1719377290\" class=\"col small-12 large-12\"  >\n\t\t\t\t<div class=\"col-inner\"  >\n\t\t\t\n\t\t\t\n<p class=\"lead text-center\"><strong>Die Aufkleber der The Sticker Family<\/strong>\u00a0sind Wetterbest\u00e4ndig und Waschstra\u00dfenfest.\u00a0Reinigen Sie die Heckscheibe gr\u00fcndlich. Die Fahrzeugoberfl\u00e4che muss frei von Staub, Fett, Silikon und anderen Verschmutzungen sein. Ansonsten besteht die Gefahr, dass sich der Aufkleber aufgrund einer fettigen Oberfl\u00e4che schneller l\u00f6st oder sich durch Schmutz und Staub unsch\u00f6ne Blasen und Unebenheiten unter dem Aufkleber bilden.<\/p>\n<div class=\"text-center\"><div class=\"is-divider divider clearfix\" ><\/div><\/div>\n\t\t<\/div>\n\t\t\t\t\t<\/div>\n\n\t\n\n\t<div id=\"col-172124592\" class=\"col medium-3 small-12 large-3\"  >\n\t\t\t\t<div class=\"col-inner\"  >\n\t\t\t\n\t\t\t\n    <div class=\"box has-hover has-hover box-text-bottom\" >\n\n                  <div class=\"box-image \" style=\"width:80%;\">\n           <div class=\"box-image-inner image-cover\" style=\"border-radius:100%;padding-top:100%;\">\n              <img loading=\"lazy\" decoding=\"async\" width=\"280\" height=\"279\" src=\"https:\/\/www.thestickerfamily.nl\/wp-content\/uploads\/2018\/11\/plakinstructie_a.jpg\" class=\"attachment- size-\" alt=\"\" srcset=\"https:\/\/www.thestickerfamily.nl\/wp-content\/uploads\/2018\/11\/plakinstructie_a.jpg 280w, https:\/\/www.thestickerfamily.nl\/wp-content\/uploads\/2018\/11\/plakinstructie_a-100x100.jpg 100w\" sizes=\"auto, (max-width: 280px) 100vw, 280px\" \/>                         <\/div>\n          <\/div>\n         \n          <div class=\"box-text text-center\" >\n                <div class=\"box-text-inner\">\n                  <h4 class=\"uppercase\">\n                    <span class=\"person-name\">1. Richten Sie den Aufkleber vor der Verklebung genau aus<\/span><br\/>\n                    <span class=\"person-title is-small thin-font op-7\">\n                                          <\/span>\n                  <\/h4>\n\t\t\t\t\t\n                <\/div>\n          <\/div>\n    <\/div>\n\n\t\n    \n\t\t<\/div>\n\t\t\t\t\t<\/div>\n\n\t\n\n\t<div id=\"col-643355876\" class=\"col medium-3 small-12 large-3\"  >\n\t\t\t\t<div class=\"col-inner\"  >\n\t\t\t\n\t\t\t\n    <div class=\"box has-hover has-hover box-text-bottom\" >\n\n                  <div class=\"box-image \" style=\"width:80%;\">\n           <div class=\"box-image-inner image-cover\" style=\"border-radius:100%;padding-top:100%;\">\n              <img loading=\"lazy\" decoding=\"async\" width=\"280\" height=\"279\" src=\"https:\/\/www.thestickerfamily.nl\/wp-content\/uploads\/2018\/11\/plakinstructie_1.jpg\" class=\"attachment- size-\" alt=\"\" srcset=\"https:\/\/www.thestickerfamily.nl\/wp-content\/uploads\/2018\/11\/plakinstructie_1.jpg 280w, https:\/\/www.thestickerfamily.nl\/wp-content\/uploads\/2018\/11\/plakinstructie_1-100x100.jpg 100w\" sizes=\"auto, (max-width: 280px) 100vw, 280px\" \/>                         <\/div>\n          <\/div>\n         \n          <div class=\"box-text text-center\" >\n                <div class=\"box-text-inner\">\n                  <h4 class=\"uppercase\">\n                    <span class=\"person-name\">2. Reinigen Sie die Heckscheibe gr\u00fcndlich<\/span><br\/>\n                    <span class=\"person-title is-small thin-font op-7\">\n                                          <\/span>\n                  <\/h4>\n\t\t\t\t\t\n                <\/div>\n          <\/div>\n    <\/div>\n\n\t\n    \n\t\t<\/div>\n\t\t\t\t\t<\/div>\n\n\t\n\n\t<div id=\"col-1996743840\" class=\"col medium-3 small-12 large-3\"  >\n\t\t\t\t<div class=\"col-inner\"  >\n\t\t\t\n\t\t\t\n    <div class=\"box has-hover has-hover box-text-bottom\" >\n\n                  <div class=\"box-image \" style=\"width:80%;\">\n           <div class=\"box-image-inner image-cover\" style=\"border-radius:100%;padding-top:100%;\">\n              <img loading=\"lazy\" decoding=\"async\" width=\"280\" height=\"279\" src=\"https:\/\/www.thestickerfamily.nl\/wp-content\/uploads\/2018\/11\/plakinstructie_2.jpg\" class=\"attachment- size-\" alt=\"\" srcset=\"https:\/\/www.thestickerfamily.nl\/wp-content\/uploads\/2018\/11\/plakinstructie_2.jpg 280w, https:\/\/www.thestickerfamily.nl\/wp-content\/uploads\/2018\/11\/plakinstructie_2-100x100.jpg 100w\" sizes=\"auto, (max-width: 280px) 100vw, 280px\" \/>                         <\/div>\n          <\/div>\n         \n          <div class=\"box-text text-center\" >\n                <div class=\"box-text-inner\">\n                  <h4 class=\"uppercase\">\n                    <span class=\"person-name\">3. Entfernen Sie den Aufkleber vom Papier<\/span><br\/>\n                    <span class=\"person-title is-small thin-font op-7\">\n                                          <\/span>\n                  <\/h4>\n\t\t\t\t\t\n                <\/div>\n          <\/div>\n    <\/div>\n\n\t\n    \n\t\t<\/div>\n\t\t\t\t\t<\/div>\n\n\t\n\n\t<div id=\"col-56205441\" class=\"col medium-3 small-12 large-3\"  >\n\t\t\t\t<div class=\"col-inner\"  >\n\t\t\t\n\t\t\t\n    <div class=\"box has-hover has-hover box-text-bottom\" >\n\n                  <div class=\"box-image \" style=\"width:80%;\">\n           <div class=\"box-image-inner image-cover\" style=\"border-radius:100%;padding-top:100%;\">\n              <img loading=\"lazy\" decoding=\"async\" width=\"280\" height=\"279\" src=\"https:\/\/www.thestickerfamily.nl\/wp-content\/uploads\/2018\/11\/plakinstructie_3.jpg\" class=\"attachment- size-\" alt=\"\" srcset=\"https:\/\/www.thestickerfamily.nl\/wp-content\/uploads\/2018\/11\/plakinstructie_3.jpg 280w, https:\/\/www.thestickerfamily.nl\/wp-content\/uploads\/2018\/11\/plakinstructie_3-100x100.jpg 100w\" sizes=\"auto, (max-width: 280px) 100vw, 280px\" \/>                         <\/div>\n          <\/div>\n         \n          <div class=\"box-text text-center\" >\n                <div class=\"box-text-inner\">\n                  <h4 class=\"uppercase\">\n                    <span class=\"person-name\">4. Kleben Sie die Aufkleber<\/span><br\/>\n                    <span class=\"person-title is-small thin-font op-7\">\n                      tipp: nach der Anbringung wischen Sie die Luftblasen vorsichtig zur Seite.                    <\/span>\n                  <\/h4>\n\t\t\t\t\t\n                <\/div>\n          <\/div>\n    <\/div>\n\n\t\n    \n\t\t<\/div>\n\t\t\t\t\t<\/div>\n\n\t\n<\/div>\n<p style=\"text-align: center;\">Wichtig!\u00a0<span lang=\"de\" tabindex=\"0\">Sobald der Aufkleber geklebt ist, kann der Aufkleber nicht mehr verschoben werden<\/span>.<span lang=\"de\" tabindex=\"0\">Warten Sie nach der Montage einige Tage, bevor Sie das Auto waschen, damit die Aufkleber richtig haften. Kratzen Sie die Aufkleber niemals mit einem Eiskratzer oder einem anderen scharfen Gegenstand und kleben Sie die Aufkleber nicht unter den Scheibenwischer.<\/span><\/p>\n<p id=\"tw-target-text\" class=\"tw-data-text tw-text-large tw-ta\" dir=\"ltr\" data-placeholder=\"Vertaling\">\n<p style=\"text-align: center;\">\n","protected":false},"excerpt":{"rendered":"<p>Wichtig!\u00a0Sobald der Aufkleber geklebt ist, kann der Aufkleber nicht mehr verschoben werden.Warten Sie nach der Montage einige Tage, bevor Sie das Auto waschen, damit die Aufkleber richtig haften. Kratzen Sie die Aufkleber niemals mit einem Eiskratzer oder einem anderen scharfen Gegenstand und kleben Sie die Aufkleber nicht unter den Scheibenwischer.<\/p>\n","protected":false},"author":1,"featured_media":0,"parent":0,"menu_order":0,"comment_status":"closed","ping_status":"closed","template":"page-transparent-header-light.php","meta":{"footnotes":""},"class_list":["post-2295","page","type-page","status-publish","hentry"],"yoast_head":"<!-- This site is optimized with the Yoast SEO plugin v26.6 - https:\/\/yoast.com\/wordpress\/plugins\/seo\/ -->\n<title>Autoaufkleber anbringen - The Sticker Family<\/title>\n<meta name=\"robots\" content=\"index, follow, max-snippet:-1, max-image-preview:large, max-video-preview:-1\" \/>\n<link rel=\"canonical\" href=\"https:\/\/www.thestickerfamily.nl\/de\/autoaufkleber-anbringen\/\" \/>\n<meta property=\"og:locale\" content=\"de_DE\" \/>\n<meta property=\"og:type\" content=\"article\" \/>\n<meta property=\"og:title\" content=\"Autoaufkleber anbringen - The Sticker Family\" \/>\n<meta property=\"og:description\" content=\"Wichtig!\u00a0Sobald der Aufkleber geklebt ist, kann der Aufkleber nicht mehr verschoben werden.Warten Sie nach der Montage einige Tage, bevor Sie das Auto waschen, damit die Aufkleber richtig haften. Kratzen Sie die Aufkleber niemals mit einem Eiskratzer oder einem anderen scharfen Gegenstand und kleben Sie die Aufkleber nicht unter den Scheibenwischer.\" \/>\n<meta property=\"og:url\" content=\"https:\/\/www.thestickerfamily.nl\/de\/autoaufkleber-anbringen\/\" \/>\n<meta property=\"og:site_name\" content=\"The Sticker Family\" \/>\n<meta property=\"article:publisher\" content=\"https:\/\/www.facebook.com\/thestickerfamily.nl\/\" \/>\n<meta property=\"article:modified_time\" content=\"2019-12-16T13:18:26+00:00\" \/>\n<meta name=\"twitter:card\" content=\"summary_large_image\" \/>\n<meta name=\"twitter:label1\" content=\"Gesch\u00e4tzte Lesezeit\" \/>\n\t<meta name=\"twitter:data1\" content=\"1\u00a0Minute\" \/>\n<script type=\"application\/ld+json\" class=\"yoast-schema-graph\">{\"@context\":\"https:\/\/schema.org\",\"@graph\":[{\"@type\":\"WebPage\",\"@id\":\"https:\/\/www.thestickerfamily.nl\/de\/autoaufkleber-anbringen\/\",\"url\":\"https:\/\/www.thestickerfamily.nl\/de\/autoaufkleber-anbringen\/\",\"name\":\"Autoaufkleber anbringen - The Sticker Family\",\"isPartOf\":{\"@id\":\"https:\/\/www.thestickerfamily.nl\/de\/#website\"},\"datePublished\":\"2019-10-25T13:49:23+00:00\",\"dateModified\":\"2019-12-16T13:18:26+00:00\",\"breadcrumb\":{\"@id\":\"https:\/\/www.thestickerfamily.nl\/de\/autoaufkleber-anbringen\/#breadcrumb\"},\"inLanguage\":\"de\",\"potentialAction\":[{\"@type\":\"ReadAction\",\"target\":[\"https:\/\/www.thestickerfamily.nl\/de\/autoaufkleber-anbringen\/\"]}]},{\"@type\":\"BreadcrumbList\",\"@id\":\"https:\/\/www.thestickerfamily.nl\/de\/autoaufkleber-anbringen\/#breadcrumb\",\"itemListElement\":[{\"@type\":\"ListItem\",\"position\":1,\"name\":\"Home\",\"item\":\"https:\/\/www.thestickerfamily.nl\/de\/\"},{\"@type\":\"ListItem\",\"position\":2,\"name\":\"Autoaufkleber anbringen\"}]},{\"@type\":\"WebSite\",\"@id\":\"https:\/\/www.thestickerfamily.nl\/de\/#website\",\"url\":\"https:\/\/www.thestickerfamily.nl\/de\/\",\"name\":\"The Sticker Family\",\"description\":\"Autostickers van en voor het hele gezin!\",\"publisher\":{\"@id\":\"https:\/\/www.thestickerfamily.nl\/de\/#organization\"},\"potentialAction\":[{\"@type\":\"SearchAction\",\"target\":{\"@type\":\"EntryPoint\",\"urlTemplate\":\"https:\/\/www.thestickerfamily.nl\/de\/?s={search_term_string}\"},\"query-input\":{\"@type\":\"PropertyValueSpecification\",\"valueRequired\":true,\"valueName\":\"search_term_string\"}}],\"inLanguage\":\"de\"},{\"@type\":\"Organization\",\"@id\":\"https:\/\/www.thestickerfamily.nl\/de\/#organization\",\"name\":\"The Sticker Family\",\"url\":\"https:\/\/www.thestickerfamily.nl\/de\/\",\"logo\":{\"@type\":\"ImageObject\",\"inLanguage\":\"de\",\"@id\":\"https:\/\/www.thestickerfamily.nl\/de\/#\/schema\/logo\/image\/\",\"url\":\"https:\/\/www.thestickerfamily.nl\/wp-content\/uploads\/2023\/12\/logo-tsf-google.png\",\"contentUrl\":\"https:\/\/www.thestickerfamily.nl\/wp-content\/uploads\/2023\/12\/logo-tsf-google.png\",\"width\":369,\"height\":123,\"caption\":\"The Sticker Family\"},\"image\":{\"@id\":\"https:\/\/www.thestickerfamily.nl\/de\/#\/schema\/logo\/image\/\"},\"sameAs\":[\"https:\/\/www.facebook.com\/thestickerfamily.nl\/\",\"https:\/\/www.instagram.com\/thestickerfamily_nl\/\"]}]}<\/script>\n<!-- \/ Yoast SEO plugin. -->","yoast_head_json":{"title":"Autoaufkleber anbringen - The Sticker Family","robots":{"index":"index","follow":"follow","max-snippet":"max-snippet:-1","max-image-preview":"max-image-preview:large","max-video-preview":"max-video-preview:-1"},"canonical":"https:\/\/www.thestickerfamily.nl\/de\/autoaufkleber-anbringen\/","og_locale":"de_DE","og_type":"article","og_title":"Autoaufkleber anbringen - The Sticker Family","og_description":"Wichtig!\u00a0Sobald der Aufkleber geklebt ist, kann der Aufkleber nicht mehr verschoben werden.Warten Sie nach der Montage einige Tage, bevor Sie das Auto waschen, damit die Aufkleber richtig haften. Kratzen Sie die Aufkleber niemals mit einem Eiskratzer oder einem anderen scharfen Gegenstand und kleben Sie die Aufkleber nicht unter den Scheibenwischer.","og_url":"https:\/\/www.thestickerfamily.nl\/de\/autoaufkleber-anbringen\/","og_site_name":"The Sticker Family","article_publisher":"https:\/\/www.facebook.com\/thestickerfamily.nl\/","article_modified_time":"2019-12-16T13:18:26+00:00","twitter_card":"summary_large_image","twitter_misc":{"Gesch\u00e4tzte Lesezeit":"1\u00a0Minute"},"schema":{"@context":"https:\/\/schema.org","@graph":[{"@type":"WebPage","@id":"https:\/\/www.thestickerfamily.nl\/de\/autoaufkleber-anbringen\/","url":"https:\/\/www.thestickerfamily.nl\/de\/autoaufkleber-anbringen\/","name":"Autoaufkleber anbringen - The Sticker Family","isPartOf":{"@id":"https:\/\/www.thestickerfamily.nl\/de\/#website"},"datePublished":"2019-10-25T13:49:23+00:00","dateModified":"2019-12-16T13:18:26+00:00","breadcrumb":{"@id":"https:\/\/www.thestickerfamily.nl\/de\/autoaufkleber-anbringen\/#breadcrumb"},"inLanguage":"de","potentialAction":[{"@type":"ReadAction","target":["https:\/\/www.thestickerfamily.nl\/de\/autoaufkleber-anbringen\/"]}]},{"@type":"BreadcrumbList","@id":"https:\/\/www.thestickerfamily.nl\/de\/autoaufkleber-anbringen\/#breadcrumb","itemListElement":[{"@type":"ListItem","position":1,"name":"Home","item":"https:\/\/www.thestickerfamily.nl\/de\/"},{"@type":"ListItem","position":2,"name":"Autoaufkleber anbringen"}]},{"@type":"WebSite","@id":"https:\/\/www.thestickerfamily.nl\/de\/#website","url":"https:\/\/www.thestickerfamily.nl\/de\/","name":"The Sticker Family","description":"Autostickers van en voor het hele gezin!","publisher":{"@id":"https:\/\/www.thestickerfamily.nl\/de\/#organization"},"potentialAction":[{"@type":"SearchAction","target":{"@type":"EntryPoint","urlTemplate":"https:\/\/www.thestickerfamily.nl\/de\/?s={search_term_string}"},"query-input":{"@type":"PropertyValueSpecification","valueRequired":true,"valueName":"search_term_string"}}],"inLanguage":"de"},{"@type":"Organization","@id":"https:\/\/www.thestickerfamily.nl\/de\/#organization","name":"The Sticker Family","url":"https:\/\/www.thestickerfamily.nl\/de\/","logo":{"@type":"ImageObject","inLanguage":"de","@id":"https:\/\/www.thestickerfamily.nl\/de\/#\/schema\/logo\/image\/","url":"https:\/\/www.thestickerfamily.nl\/wp-content\/uploads\/2023\/12\/logo-tsf-google.png","contentUrl":"https:\/\/www.thestickerfamily.nl\/wp-content\/uploads\/2023\/12\/logo-tsf-google.png","width":369,"height":123,"caption":"The Sticker Family"},"image":{"@id":"https:\/\/www.thestickerfamily.nl\/de\/#\/schema\/logo\/image\/"},"sameAs":["https:\/\/www.facebook.com\/thestickerfamily.nl\/","https:\/\/www.instagram.com\/thestickerfamily_nl\/"]}]}},"_links":{"self":[{"href":"https:\/\/www.thestickerfamily.nl\/de\/wp-json\/wp\/v2\/pages\/2295","targetHints":{"allow":["GET"]}}],"collection":[{"href":"https:\/\/www.thestickerfamily.nl\/de\/wp-json\/wp\/v2\/pages"}],"about":[{"href":"https:\/\/www.thestickerfamily.nl\/de\/wp-json\/wp\/v2\/types\/page"}],"author":[{"embeddable":true,"href":"https:\/\/www.thestickerfamily.nl\/de\/wp-json\/wp\/v2\/users\/1"}],"replies":[{"embeddable":true,"href":"https:\/\/www.thestickerfamily.nl\/de\/wp-json\/wp\/v2\/comments?post=2295"}],"version-history":[{"count":1,"href":"https:\/\/www.thestickerfamily.nl\/de\/wp-json\/wp\/v2\/pages\/2295\/revisions"}],"predecessor-version":[{"id":2916,"href":"https:\/\/www.thestickerfamily.nl\/de\/wp-json\/wp\/v2\/pages\/2295\/revisions\/2916"}],"wp:attachment":[{"href":"https:\/\/www.thestickerfamily.nl\/de\/wp-json\/wp\/v2\/media?parent=2295"}],"curies":[{"name":"wp","href":"https:\/\/api.w.org\/{rel}","templated":true}]}}